{"id":15847,"date":"2026-04-06T05:51:44","date_gmt":"2026-04-06T04:51:44","guid":{"rendered":"https:\/\/grillcentrum.shop\/gree\/produkt\/trampolina-ogrodowa-domowa-dla-dzieci-do-domu-ogrodu-drabinka-z-siatka-12ft\/"},"modified":"2026-04-11T02:22:27","modified_gmt":"2026-04-11T01:22:27","slug":"trampolina-ogrodowa-domowa-dla-dzieci-do-domu-ogrodu-drabinka-z-siatka-12ft","status":"publish","type":"product","link":"https:\/\/zelmuko.shop\/grill\/produkt\/trampolina-ogrodowa-domowa-dla-dzieci-do-domu-ogrodu-drabinka-z-siatka-12ft\/","title":{"rendered":"TRAMPOLINA OGRODOWA DOMOWA DLA DZIECI DO DOMU OGRODU DRABINKA Z SIATK\u0104 12FT"},"content":{"rendered":"<div style=\"font-family: Arial, sans-serif; line-height: 1.6; color: #333; padding: 20px; clear: both; display: block; width: 100%; float: none; position: static; overflow: hidden;\">\n<div style=\"clear: both; display: block; margin: 10px 0;\">\n<div style=\"clear: both; display: block; margin: 10px 0;\">\n<div style=\"clear: both; display: block; margin: 10px 0;\">\n<h1>TRAMPOLINA OGRODOWA DOMOWA DLA DZIECI DO DOMU OGRODU DRABINKA Z SIATK\u0104 12FT<\/h1>\n<\/div>\n<\/div>\n<\/div>\n<div style=\"clear: both; display: block; margin: 10px 0;\">\n<div style=\"clear: both; display: block; margin: 10px 0;\">\n<div style=\"clear: both; display: block; margin: 10px 0;\">\n<div  style=\"max-width:2000px;max-height:2000px\">\n<div style=\"clear: both; display: block; margin: 10px 0;\">\n<div style=\"clear: both; width: 100%; display: block; margin: 20px 0; padding: 0; float: none; position: static; text-align: center;\"><img decoding=\"async\"  src=\"https:\/\/a.allegroimg.com\/original\/11364f\/2febc6cb4b9cae7eb1ba17005e08\/TRAMPOLINA-OGRODOWA-DOMOWA-DLA-DZIECI-DO-DOMU-OGRODU-DRABINKA-Z-SIATKA-12FT\" srcset=\"https:\/\/a.allegroimg.com\/original\/11364f\/2febc6cb4b9cae7eb1ba17005e08\/TRAMPOLINA-OGRODOWA-DOMOWA-DLA-DZIECI-DO-DOMU-OGRODU-DRABINKA-Z-SIATKA-12FT 360w,https:\/\/a.allegroimg.com\/original\/11364f\/2febc6cb4b9cae7eb1ba17005e08\/TRAMPOLINA-OGRODOWA-DOMOWA-DLA-DZIECI-DO-DOMU-OGRODU-DRABINKA-Z-SIATKA-12FT 720w,https:\/\/a.allegroimg.com\/original\/11364f\/2febc6cb4b9cae7eb1ba17005e08\/TRAMPOLINA-OGRODOWA-DOMOWA-DLA-DZIECI-DO-DOMU-OGRODU-DRABINKA-Z-SIATKA-12FT 1024w,https:\/\/a.allegroimg.com\/original\/11364f\/2febc6cb4b9cae7eb1ba17005e08\/TRAMPOLINA-OGRODOWA-DOMOWA-DLA-DZIECI-DO-DOMU-OGRODU-DRABINKA-Z-SIATKA-12FT 1440w,https:\/\/a.allegroimg.com\/original\/11364f\/2febc6cb4b9cae7eb1ba17005e08\/TRAMPOLINA-OGRODOWA-DOMOWA-DLA-DZIECI-DO-DOMU-OGRODU-DRABINKA-Z-SIATKA-12FT 2000w\" sizes=\"(min-width: 1200px) 560px, (min-width: 992px) 50vw, 100vw\" width=\"2000px\" alt=\"TRAMPOLINA OGRODOWA DOMOWA DLA DZIECI DO DOMU OGRODU DRABINKA Z SIATK\u0104 12FT\" style=\"max-width: 100%; height: auto; display: block; margin: 0 auto;\"><\/div>\n<\/div>\n<\/div>\n<\/div>\n<\/div>\n<div style=\"clear: both; display: block; margin: 10px 0;\">\n<div style=\"clear: both; display: block; margin: 10px 0;\">\n<h2>Trampolina ogrodowa dla dzieci 4FIZJO<\/h2>\n<p style=\"margin: 15px 0; line-height: 1.8; clear: both; display: block; width: 100%; float: none; position: static;\"><b>Trampolina dla dzieci<\/b> to nieko\u0144cz\u0105ca si\u0119 zabawa i pe\u0142nia rado\u015bci dla ca\u0142ej rodziny. To \u015bwietny spos\u00f3b na <b>urozmaicenie aktywno\u015bci fizycznej na \u015bwie\u017cym powietrzu<\/b>. Trampolina 4FIZJO PRO to idealny wyb\u00f3r do ka\u017cdego ogrodu. Wykorzystasz j\u0105 nie tylko do \u0107wicze\u0144 gimnastycznych, ale te\u017c sp\u0119dzisz na niej czas, \u015bwietnie si\u0119 bawi\u0105c ze swoimi pociechami. <b>Trampoliny dla dzieci 4FIZJO<\/b> s\u0105 specjalnie dopasowane do potrzeb u\u017cytkownika.<\/p>\n<p style=\"margin: 15px 0; line-height: 1.8; clear: both; display: block; width: 100%; float: none; position: static;\">Zapewnij swoim maluchom godziny aktywnej zabawy na \u015bwie\u017cym powietrzu dzi\u0119ki naszej <b>trampolinie ogrodowej PRO<\/b>! To idealne rozwi\u0105zanie, kt\u00f3re <b>\u0142\u0105czy sport, zabaw\u0119 i bezpiecze\u0144stwo w jednym<\/b>. Stw\u00f3rz w swoim ogrodzie prawdziw\u0105 sal\u0119 zabaw!<\/p>\n<\/div>\n<\/div>\n<\/div>\n<div style=\"clear: both; display: block; margin: 10px 0;\">\n<div style=\"clear: both; display: block; margin: 10px 0;\">\n<div style=\"clear: both; display: block; margin: 10px 0;\">\n<div  style=\"max-width:2000px;max-height:2000px\">\n<div style=\"clear: both; display: block; margin: 10px 0;\">\n<div style=\"clear: both; width: 100%; display: block; margin: 20px 0; padding: 0; float: none; position: static; text-align: center;\"><img decoding=\"async\"  src=\"https:\/\/a.allegroimg.com\/original\/115b81\/5ffa8f274e2ba756f4bf89dec73c\/TRAMPOLINA-OGRODOWA-DOMOWA-DLA-DZIECI-DO-DOMU-OGRODU-DRABINKA-Z-SIATKA-12FT-Wysokosc-od-podloza-76-cm\" srcset=\"https:\/\/a.allegroimg.com\/original\/115b81\/5ffa8f274e2ba756f4bf89dec73c\/TRAMPOLINA-OGRODOWA-DOMOWA-DLA-DZIECI-DO-DOMU-OGRODU-DRABINKA-Z-SIATKA-12FT-Wysokosc-od-podloza-76-cm 360w,https:\/\/a.allegroimg.com\/original\/115b81\/5ffa8f274e2ba756f4bf89dec73c\/TRAMPOLINA-OGRODOWA-DOMOWA-DLA-DZIECI-DO-DOMU-OGRODU-DRABINKA-Z-SIATKA-12FT-Wysokosc-od-podloza-76-cm 720w,https:\/\/a.allegroimg.com\/original\/115b81\/5ffa8f274e2ba756f4bf89dec73c\/TRAMPOLINA-OGRODOWA-DOMOWA-DLA-DZIECI-DO-DOMU-OGRODU-DRABINKA-Z-SIATKA-12FT-Wysokosc-od-podloza-76-cm 1024w,https:\/\/a.allegroimg.com\/original\/115b81\/5ffa8f274e2ba756f4bf89dec73c\/TRAMPOLINA-OGRODOWA-DOMOWA-DLA-DZIECI-DO-DOMU-OGRODU-DRABINKA-Z-SIATKA-12FT-Wysokosc-od-podloza-76-cm 1440w,https:\/\/a.allegroimg.com\/original\/115b81\/5ffa8f274e2ba756f4bf89dec73c\/TRAMPOLINA-OGRODOWA-DOMOWA-DLA-DZIECI-DO-DOMU-OGRODU-DRABINKA-Z-SIATKA-12FT-Wysokosc-od-podloza-76-cm 2000w\" sizes=\"(min-width: 1200px) 560px, (min-width: 992px) 50vw, 100vw\" width=\"2000px\" alt=\"TRAMPOLINA OGRODOWA DOMOWA DLA DZIECI DO DOMU OGRODU DRABINKA Z SIATK\u0104 12FT Wysoko\u015b\u0107 od pod\u0142o\u017ca 76 cm\" style=\"max-width: 100%; height: auto; display: block; margin: 0 auto;\"><\/div>\n<\/div>\n<\/div>\n<\/div>\n<\/div>\n<div style=\"clear: both; display: block; margin: 10px 0;\">\n<div style=\"clear: both; display: block; margin: 10px 0;\">\n<h2>Trampolina ogrodowa PRO 4FIZJO<\/h2>\n<p style=\"margin: 15px 0; line-height: 1.8; clear: both; display: block; width: 100%; float: none; position: static;\">Wykonana z wysokiej jako\u015bci materia\u0142\u00f3w <b>trampolina do ogrodu<\/b> zosta\u0142a stworzona z my\u015bl\u0105 o najm\u0142odszych, ich nieko\u0144cz\u0105cej si\u0119 energii i dla os\u00f3b doros\u0142ych.<\/p>\n<h3 style=\"color: #2c5aa0; font-size: 18px; margin: 30px 0 15px 0; font-weight: bold; clear: both; display: block; width: 100%; float: none; position: static;\">Parametry:<\/h3>\n<p style=\"margin: 15px 0; line-height: 1.8; clear: both; display: block; width: 100%; float: none; position: static;\"><b>\u2714\ufe0f Kolor: <\/b>zielono-czarny<\/p>\n<p style=\"margin: 15px 0; line-height: 1.8; clear: both; display: block; width: 100%; float: none; position: static;\"><b>\u2714\ufe0f Materia\u0142 stela\u017ca i drabinki:<\/b> stal galwanizowana<\/p>\n<p style=\"margin: 15px 0; line-height: 1.8; clear: both; display: block; width: 100%; float: none; position: static;\">\u2714\ufe0f <b>Materia\u0142 siatki:<\/b> polietylen (PE)<\/p>\n<p style=\"margin: 15px 0; line-height: 1.8; clear: both; display: block; width: 100%; float: none; position: static;\"><b>\u2714\ufe0f Materia\u0142 os\u0142ony spr\u0119\u017cyn: <\/b>dwuwarstwowe PVC<\/p>\n<p style=\"margin: 15px 0; line-height: 1.8; clear: both; display: block; width: 100%; float: none; position: static;\">\u2714\ufe0f <b>Wysoko\u015b\u0107 siatki:<\/b> 180 cm<\/p>\n<p style=\"margin: 15px 0; line-height: 1.8; clear: both; display: block; width: 100%; float: none; position: static;\"><b>\u2714\ufe0f Wysoko\u015b\u0107 od pod\u0142o\u017ca do maty:<\/b> 76 cm<\/p>\n<p style=\"margin: 15px 0; line-height: 1.8; clear: both; display: block; width: 100%; float: none; position: static;\"><b>\u2714\ufe0f \u015arednica ze s\u0142upkami:<\/b> 374 cm<\/p>\n<p style=\"margin: 15px 0; line-height: 1.8; clear: both; display: block; width: 100%; float: none; position: static;\"><b>\u2714\ufe0f \u015arednica maty:<\/b> 320 cm<\/p>\n<p style=\"margin: 15px 0; line-height: 1.8; clear: both; display: block; width: 100%; float: none; position: static;\"><b>\u2714\ufe0f G\u0119sto\u015b\u0107 maty: <\/b>260 g\/m\u00b2<\/p>\n<p style=\"margin: 15px 0; line-height: 1.8; clear: both; display: block; width: 100%; float: none; position: static;\"><b>\u2714\ufe0f Liczba s\u0142upk\u00f3w:<\/b> 8<\/p>\n<p style=\"margin: 15px 0; line-height: 1.8; clear: both; display: block; width: 100%; float: none; position: static;\"><b>\u2714\ufe0f Liczba n\u00f3g: <\/b>4 podw\u00f3jne w systemie \u201eU&#8221;<\/p>\n<p style=\"margin: 15px 0; line-height: 1.8; clear: both; display: block; width: 100%; float: none; position: static;\">\u2714\ufe0f <b>Liczba spr\u0119\u017cyn:<\/b> 64<\/p>\n<p style=\"margin: 15px 0; line-height: 1.8; clear: both; display: block; width: 100%; float: none; position: static;\">\u2714\ufe0f <b>Wymiary spr\u0119\u017cyn:<\/b> 140 \u00d7 3 mm<\/p>\n<p style=\"margin: 15px 0; line-height: 1.8; clear: both; display: block; width: 100%; float: none; position: static;\">\u2714\ufe0f <b>Wymiary drabinki<\/b>: 86 \u00d7 31 cm<\/p>\n<p style=\"margin: 15px 0; line-height: 1.8; clear: both; display: block; width: 100%; float: none; position: static;\"><b>\u2714\ufe0f Maksymalne obci\u0105\u017cenie:<\/b> 150 kg<\/p>\n<p style=\"margin: 15px 0; line-height: 1.8; clear: both; display: block; width: 100%; float: none; position: static;\">Trampolina dostarczana jest w 2 oddzielnych kartonach.<\/p>\n<\/div>\n<\/div>\n<\/div>\n<div style=\"clear: both; display: block; margin: 10px 0;\">\n<div style=\"clear: both; display: block; margin: 10px 0;\">\n<div style=\"clear: both; display: block; margin: 10px 0;\">\n<div  style=\"max-width:2000px;max-height:2000px\">\n<div style=\"clear: both; display: block; margin: 10px 0;\">\n<div style=\"clear: both; width: 100%; display: block; margin: 20px 0; padding: 0; float: none; position: static; text-align: center;\"><img decoding=\"async\"  src=\"https:\/\/a.allegroimg.com\/original\/110fc5\/9c50b32a47648ba7473b65f9ce43\/TRAMPOLINA-OGRODOWA-DOMOWA-DLA-DZIECI-DO-DOMU-OGRODU-DRABINKA-Z-SIATKA-12FT-Stan-opakowania-oryginalne\" srcset=\"https:\/\/a.allegroimg.com\/original\/110fc5\/9c50b32a47648ba7473b65f9ce43\/TRAMPOLINA-OGRODOWA-DOMOWA-DLA-DZIECI-DO-DOMU-OGRODU-DRABINKA-Z-SIATKA-12FT-Stan-opakowania-oryginalne 360w,https:\/\/a.allegroimg.com\/original\/110fc5\/9c50b32a47648ba7473b65f9ce43\/TRAMPOLINA-OGRODOWA-DOMOWA-DLA-DZIECI-DO-DOMU-OGRODU-DRABINKA-Z-SIATKA-12FT-Stan-opakowania-oryginalne 720w,https:\/\/a.allegroimg.com\/original\/110fc5\/9c50b32a47648ba7473b65f9ce43\/TRAMPOLINA-OGRODOWA-DOMOWA-DLA-DZIECI-DO-DOMU-OGRODU-DRABINKA-Z-SIATKA-12FT-Stan-opakowania-oryginalne 1024w,https:\/\/a.allegroimg.com\/original\/110fc5\/9c50b32a47648ba7473b65f9ce43\/TRAMPOLINA-OGRODOWA-DOMOWA-DLA-DZIECI-DO-DOMU-OGRODU-DRABINKA-Z-SIATKA-12FT-Stan-opakowania-oryginalne 1440w,https:\/\/a.allegroimg.com\/original\/110fc5\/9c50b32a47648ba7473b65f9ce43\/TRAMPOLINA-OGRODOWA-DOMOWA-DLA-DZIECI-DO-DOMU-OGRODU-DRABINKA-Z-SIATKA-12FT-Stan-opakowania-oryginalne 2000w\" sizes=\"(min-width: 1200px) 560px, (min-width: 992px) 50vw, 100vw\" width=\"2000px\" alt=\"TRAMPOLINA OGRODOWA DOMOWA DLA DZIECI DO DOMU OGRODU DRABINKA Z SIATK\u0104 12FT Stan opakowania oryginalne\" style=\"max-width: 100%; height: auto; display: block; margin: 0 auto;\"><\/div>\n<\/div>\n<\/div>\n<\/div>\n<\/div>\n<div style=\"clear: both; display: block; margin: 10px 0;\">\n<div style=\"clear: both; display: block; margin: 10px 0;\">\n<h2>Skacz wy\u017cej i baw si\u0119 dobrze!<\/h2>\n<p style=\"margin: 15px 0; line-height: 1.8; clear: both; display: block; width: 100%; float: none; position: static;\">Zadbaj o u\u015bmiech swoich dzieci i spraw im prezent, kt\u00f3ry zapewni niezapomniane chwile. <b>Trampolina ogrodowa 4FIZJO<\/b> to inwestycja w ich zdrowie, rozw\u00f3j i czyst\u0105 rado\u015b\u0107. <b>Trampolina dzieci\u0119ca PRO<\/b>&nbsp;to doskona\u0142y spos\u00f3b na aktywno\u015b\u0107 fizyczn\u0105 i trening. Korzy\u015bci, jakie niesie skakanie na trampolinie, s\u0105 nast\u0119puj\u0105ce:<\/p>\n<p style=\"margin: 15px 0; line-height: 1.8; clear: both; display: block; width: 100%; float: none; position: static;\">\u2705 Rozwija motoryk\u0119 i koordynacj\u0119 ruchow\u0105<\/p>\n<p style=\"margin: 15px 0; line-height: 1.8; clear: both; display: block; width: 100%; float: none; position: static;\">\u2705 Wspiera kondycj\u0119 fizyczn\u0105 u dzieci i doros\u0142ych<\/p>\n<p style=\"margin: 15px 0; line-height: 1.8; clear: both; display: block; width: 100%; float: none; position: static;\">\u2705 Wzmacnia mi\u0119\u015bnie<\/p>\n<p style=\"margin: 15px 0; line-height: 1.8; clear: both; display: block; width: 100%; float: none; position: static;\">\u2705 Zabawa w gronie rodziny i przyjaci\u00f3\u0142 zmniejsza stres<\/p>\n<p style=\"margin: 15px 0; line-height: 1.8; clear: both; display: block; width: 100%; float: none; position: static;\">\u2705 Dzieci sp\u0119dzaj\u0105 czas na \u015bwie\u017cym powietrzu z dala od ekran\u00f3w smartfon\u00f3w czy komputer\u00f3w<\/p>\n<\/div>\n<\/div>\n<\/div>\n<div style=\"clear: both; display: block; margin: 10px 0;\">\n<div style=\"clear: both; display: block; margin: 10px 0;\">\n<div style=\"clear: both; display: block; margin: 10px 0;\">\n<div  style=\"max-width:2000px;max-height:2000px\">\n<div style=\"clear: both; display: block; margin: 10px 0;\">\n<div style=\"clear: both; width: 100%; display: block; margin: 20px 0; padding: 0; float: none; position: static; text-align: center;\"><img decoding=\"async\"  src=\"https:\/\/a.allegroimg.com\/original\/119fe6\/c66b883540f8ab2528cf64ea7ef3\/TRAMPOLINA-OGRODOWA-DOMOWA-DLA-DZIECI-DO-DOMU-OGRODU-DRABINKA-Z-SIATKA-12FT-Liczba-sprezyn-lin-64\" srcset=\"https:\/\/a.allegroimg.com\/original\/119fe6\/c66b883540f8ab2528cf64ea7ef3\/TRAMPOLINA-OGRODOWA-DOMOWA-DLA-DZIECI-DO-DOMU-OGRODU-DRABINKA-Z-SIATKA-12FT-Liczba-sprezyn-lin-64 360w,https:\/\/a.allegroimg.com\/original\/119fe6\/c66b883540f8ab2528cf64ea7ef3\/TRAMPOLINA-OGRODOWA-DOMOWA-DLA-DZIECI-DO-DOMU-OGRODU-DRABINKA-Z-SIATKA-12FT-Liczba-sprezyn-lin-64 720w,https:\/\/a.allegroimg.com\/original\/119fe6\/c66b883540f8ab2528cf64ea7ef3\/TRAMPOLINA-OGRODOWA-DOMOWA-DLA-DZIECI-DO-DOMU-OGRODU-DRABINKA-Z-SIATKA-12FT-Liczba-sprezyn-lin-64 1024w,https:\/\/a.allegroimg.com\/original\/119fe6\/c66b883540f8ab2528cf64ea7ef3\/TRAMPOLINA-OGRODOWA-DOMOWA-DLA-DZIECI-DO-DOMU-OGRODU-DRABINKA-Z-SIATKA-12FT-Liczba-sprezyn-lin-64 1440w,https:\/\/a.allegroimg.com\/original\/119fe6\/c66b883540f8ab2528cf64ea7ef3\/TRAMPOLINA-OGRODOWA-DOMOWA-DLA-DZIECI-DO-DOMU-OGRODU-DRABINKA-Z-SIATKA-12FT-Liczba-sprezyn-lin-64 2000w\" sizes=\"(min-width: 1200px) 560px, (min-width: 992px) 50vw, 100vw\" width=\"2000px\" alt=\"TRAMPOLINA OGRODOWA DOMOWA DLA DZIECI DO DOMU OGRODU DRABINKA Z SIATK\u0104 12FT Liczba spr\u0119\u017cyn\/lin 64\" style=\"max-width: 100%; height: auto; display: block; margin: 0 auto;\"><\/div>\n<\/div>\n<\/div>\n<\/div>\n<\/div>\n<div style=\"clear: both; display: block; margin: 10px 0;\">\n<div style=\"clear: both; display: block; margin: 10px 0;\">\n<h2>Bezpieczne u\u017cytkowanie trampoliny do ogrodu dla dzieci<\/h2>\n<p style=\"margin: 15px 0; line-height: 1.8; clear: both; display: block; width: 100%; float: none; position: static;\">\n","protected":false},"excerpt":{"rendered":"<p>TRAMPOLINA OGRODOWA DOMOWA DLA DZIECI DO DOMU OGRODU DRABINKA Z SIATK\u0104 12FT<\/p>\n<p>Trampolina ogrodowa dla dzieci 4FIZJO<\/p>\n<p>Trampolina dla dzieci to nieko\u0144cz\u0105ca si\u0119 zabawa i pe\u0142nia rado\u015bci dla ca\u0142ej rodziny. To \u015bwietny spos\u00f3b na urozmaicenie aktywno\u015bci fizycznej na \u015bwie\u017cym powietrzu. Trampolina 4FIZJO PRO to idealny wyb\u00f3r do ka\u017cdego ogrodu. Wykorzystasz j\u0105 nie tylko do \u0107wicze\u0144 gimnastycznych, ale te\u017c sp\u0119dzisz na niej czas, \u015bwietnie si\u0119 bawi\u0105c ze swoimi pociechami. Trampoliny dla dzieci 4FIZJO s\u0105 specjalnie dopasowane do potrzeb u\u017cytkownika.<\/p>\n","protected":false},"featured_media":15848,"template":"","meta":{"_uag_custom_page_level_css":""},"product_brand":[877],"product_cat":[541,864,863,862],"product_tag":[],"class_list":{"0":"post-15847","1":"product","2":"type-product","3":"status-publish","4":"has-post-thumbnail","6":"product_brand-4fizjo","7":"product_cat-ogrod","8":"product_cat-trampoliny","9":"product_cat-trampoliny-i-akcesoria","10":"product_cat-zabawki-ogrodowe","12":"first","13":"instock","14":"sale","15":"shipping-taxable","16":"purchasable","17":"product-type-simple"},"uagb_featured_image_src":{"full":["https:\/\/zelmuko.shop\/grill\/wp-content\/uploads\/2026\/04\/allegro-image-15847.jpg",2000,2000,false],"thumbnail":["https:\/\/zelmuko.shop\/grill\/wp-content\/uploads\/2026\/04\/allegro-image-15847-150x150.jpg",150,150,true],"medium":["https:\/\/zelmuko.shop\/grill\/wp-content\/uploads\/2026\/04\/allegro-image-15847-300x300.jpg",300,300,true],"medium_large":["https:\/\/zelmuko.shop\/grill\/wp-content\/uploads\/2026\/04\/allegro-image-15847-768x768.jpg",768,768,true],"large":["https:\/\/zelmuko.shop\/grill\/wp-content\/uploads\/2026\/04\/allegro-image-15847-1024x1024.jpg",1024,1024,true],"1536x1536":["https:\/\/zelmuko.shop\/grill\/wp-content\/uploads\/2026\/04\/allegro-image-15847-1536x1536.jpg",1536,1536,true],"2048x2048":["https:\/\/zelmuko.shop\/grill\/wp-content\/uploads\/2026\/04\/allegro-image-15847.jpg",2000,2000,false],"woocommerce_thumbnail":["https:\/\/zelmuko.shop\/grill\/wp-content\/uploads\/2026\/04\/allegro-image-15847-300x300.jpg",300,300,true],"woocommerce_single":["https:\/\/zelmuko.shop\/grill\/wp-content\/uploads\/2026\/04\/allegro-image-15847-600x600.jpg",600,600,true],"woocommerce_gallery_thumbnail":["https:\/\/zelmuko.shop\/grill\/wp-content\/uploads\/2026\/04\/allegro-image-15847-100x100.jpg",100,100,true]},"uagb_author_info":{"display_name":"admin","author_link":"https:\/\/zelmuko.shop\/grill\/author\/"},"uagb_comment_info":0,"uagb_excerpt":"TRAMPOLINA OGRODOWA DOMOWA DLA DZIECI DO DOMU OGRODU DRABINKA Z SIATK\u0104 12FT Trampolina ogrodowa dla dzieci 4FIZJO Trampolina dla dzieci to nieko\u0144cz\u0105ca si\u0119 zabawa i pe\u0142nia rado\u015bci dla ca\u0142ej rodziny. To \u015bwietny spos\u00f3b na urozmaicenie aktywno\u015bci fizycznej na \u015bwie\u017cym powietrzu. Trampolina 4FIZJO PRO to idealny wyb\u00f3r do ka\u017cdego ogrodu. Wykorzystasz j\u0105 nie tylko do \u0107wicze\u0144&hellip;","_links":{"self":[{"href":"https:\/\/zelmuko.shop\/grill\/wp-json\/wp\/v2\/product\/15847","targetHints":{"allow":["GET"]}}],"collection":[{"href":"https:\/\/zelmuko.shop\/grill\/wp-json\/wp\/v2\/product"}],"about":[{"href":"https:\/\/zelmuko.shop\/grill\/wp-json\/wp\/v2\/types\/product"}],"wp:featuredmedia":[{"embeddable":true,"href":"https:\/\/zelmuko.shop\/grill\/wp-json\/wp\/v2\/media\/15848"}],"wp:attachment":[{"href":"https:\/\/zelmuko.shop\/grill\/wp-json\/wp\/v2\/media?parent=15847"}],"wp:term":[{"taxonomy":"product_brand","embeddable":true,"href":"https:\/\/zelmuko.shop\/grill\/wp-json\/wp\/v2\/product_brand?post=15847"},{"taxonomy":"product_cat","embeddable":true,"href":"https:\/\/zelmuko.shop\/grill\/wp-json\/wp\/v2\/product_cat?post=15847"},{"taxonomy":"product_tag","embeddable":true,"href":"https:\/\/zelmuko.shop\/grill\/wp-json\/wp\/v2\/product_tag?post=15847"}],"curies":[{"name":"wp","href":"https:\/\/api.w.org\/{rel}","templated":true}]}}