{"id":15831,"date":"2026-04-06T05:51:35","date_gmt":"2026-04-06T04:51:35","guid":{"rendered":"https:\/\/grillcentrum.shop\/gree\/produkt\/nac-dmuchawa-spalinowa-odkurzacz-do-lisci-z-rozdrabniaczem-3w1\/"},"modified":"2026-04-11T02:22:26","modified_gmt":"2026-04-11T01:22:26","slug":"nac-dmuchawa-spalinowa-odkurzacz-do-lisci-z-rozdrabniaczem-3w1","status":"publish","type":"product","link":"https:\/\/zelmuko.shop\/grill\/produkt\/nac-dmuchawa-spalinowa-odkurzacz-do-lisci-z-rozdrabniaczem-3w1\/","title":{"rendered":"NAC DMUCHAWA SPALINOWA ODKURZACZ do LI\u015aCI Z ROZDRABNIACZEM 3w1"},"content":{"rendered":"<div style=\"font-family: Arial, sans-serif; line-height: 1.6; color: #333; padding: 20px; clear: both; display: block; width: 100%; float: none; position: static; overflow: hidden;\">\n<div style=\"clear: both; display: block; margin: 10px 0;\">\n<div style=\"clear: both; display: block; margin: 10px 0;\">\n<div style=\"clear: both; display: block; margin: 10px 0;\">\n<h1>NAC BVP260-1-Y<\/h1>\n<p style=\"margin: 15px 0; line-height: 1.8; clear: both; display: block; width: 100%; float: none; position: static;\">kolor odkurzacza <b>CZARNY<\/b><b>&#8230;&#8230;&#8230;&#8230;&#8230;&#8230;&#8230;&#8230;&#8230;<\/b><\/p>\n<h3 style=\"color: #2c5aa0; font-size: 18px; margin: 30px 0 15px 0; font-weight: bold; clear: both; display: block; width: 100%; float: none; position: static;\">PROFESJONALNY Odkurzacz \/ dmuchawa \/ rozdrabniacz spalinowy do li\u015bci NAC<\/h3>\n<h3 style=\"color: #2c5aa0; font-size: 18px; margin: 30px 0 15px 0; font-weight: bold; clear: both; display: block; width: 100%; float: none; position: static;\">Funkcja rozdrabniania li\u015bci + worek o pojemno\u015bci 45L z zamkni\u0119ciem na suwak.<\/h3>\n<h3 style=\"color: #2c5aa0; font-size: 18px; margin: 30px 0 15px 0; font-weight: bold; clear: both; display: block; width: 100%; float: none; position: static;\">Jedno urz\u0105dzenie &#8211; 3 funkcje!<\/h3>\n<h3 style=\"color: #2c5aa0; font-size: 18px; margin: 30px 0 15px 0; font-weight: bold; clear: both; display: block; width: 100%; float: none; position: static;\">-&gt;ODKURZACZ,<\/h3>\n<h3 style=\"color: #2c5aa0; font-size: 18px; margin: 30px 0 15px 0; font-weight: bold; clear: both; display: block; width: 100%; float: none; position: static;\">-&gt;DMUCHAWA<\/h3>\n<h3 style=\"color: #2c5aa0; font-size: 18px; margin: 30px 0 15px 0; font-weight: bold; clear: both; display: block; width: 100%; float: none; position: static;\">-&gt;ROZDRABNIACZ.<\/h3>\n<\/div>\n<\/div>\n<div style=\"clear: both; display: block; margin: 10px 0;\">\n<div style=\"clear: both; display: block; margin: 10px 0;\">\n<div  style=\"max-width:1021px;max-height:713px\">\n<div style=\"clear: both; display: block; margin: 10px 0;\">\n<div style=\"clear: both; width: 100%; display: block; margin: 20px 0; padding: 0; float: none; position: static; text-align: center;\"><img decoding=\"async\"  src=\"https:\/\/a.allegroimg.com\/original\/116e61\/557c66aa444ab991c8af866f8193\/NAC-DMUCHAWA-SPALINOWA-ODKURZACZ-do-LISCI-Z-ROZDRABNIACZEM-3w1\" srcset=\"https:\/\/a.allegroimg.com\/original\/116e61\/557c66aa444ab991c8af866f8193\/NAC-DMUCHAWA-SPALINOWA-ODKURZACZ-do-LISCI-Z-ROZDRABNIACZEM-3w1 360w,https:\/\/a.allegroimg.com\/original\/116e61\/557c66aa444ab991c8af866f8193\/NAC-DMUCHAWA-SPALINOWA-ODKURZACZ-do-LISCI-Z-ROZDRABNIACZEM-3w1 720w,https:\/\/a.allegroimg.com\/original\/116e61\/557c66aa444ab991c8af866f8193\/NAC-DMUCHAWA-SPALINOWA-ODKURZACZ-do-LISCI-Z-ROZDRABNIACZEM-3w1 1021w,https:\/\/a.allegroimg.com\/original\/116e61\/557c66aa444ab991c8af866f8193\/NAC-DMUCHAWA-SPALINOWA-ODKURZACZ-do-LISCI-Z-ROZDRABNIACZEM-3w1 1021w\" sizes=\"(min-width: 1200px) 560px, (min-width: 992px) 50vw, 100vw\" width=\"1021px\" alt=\"NAC DMUCHAWA SPALINOWA ODKURZACZ do LI\u015aCI Z ROZDRABNIACZEM 3w1\" style=\"max-width: 100%; height: auto; display: block; margin: 0 auto;\"><\/div>\n<\/div>\n<\/div>\n<\/div>\n<\/div>\n<\/div>\n<div style=\"clear: both; display: block; margin: 10px 0;\">\n<div style=\"clear: both; display: block; margin: 10px 0;\">\n<div style=\"clear: both; display: block; margin: 10px 0;\">\n<h3 style=\"color: #2c5aa0; font-size: 18px; margin: 30px 0 15px 0; font-weight: bold; clear: both; display: block; width: 100%; float: none; position: static;\">Solidny odkurzacz \/ dmuchawa \/ rozdrabniacz spalinowy do li\u015bci nap\u0119dzany niezawodnym silnikiem spalinowym o mocy maksymalnej a\u017c 1 KM. Wyposa\u017cony w metalowy rozdrabniacz i worek o pojemno\u015bci a\u017c 45 litr\u00f3w.<\/h3>\n<h1>NAC BVP260-1-Y<\/h1>\n<h3 style=\"color: #2c5aa0; font-size: 18px; margin: 30px 0 15px 0; font-weight: bold; clear: both; display: block; width: 100%; float: none; position: static;\">SILNIK<\/h3>\n<ul style=\"margin: 15px 0; padding-left: 20px; clear: both; display: block; width: 100%; float: none; position: static;\">\n<li style=\"margin: 5px 0; padding: 2px 0; clear: both; display: list-item; float: none; position: static;\"><b>Typ silnika:&nbsp;<\/b>spalinowy<\/li>\n<li style=\"margin: 5px 0; padding: 2px 0; clear: both; display: list-item; float: none; position: static;\"><b>Rodzaj silnika: <\/b>dwusuwowy<\/li>\n<li style=\"margin: 5px 0; padding: 2px 0; clear: both; display: list-item; float: none; position: static;\"><b>Mieszanka paliwowa (paliwo : olej)<\/b>:&nbsp;40:1<\/li>\n<li style=\"margin: 5px 0; padding: 2px 0; clear: both; display: list-item; float: none; position: static;\"><b>Model silnika: <\/b>1E34FN<\/li>\n<li style=\"margin: 5px 0; padding: 2px 0; clear: both; display: list-item; float: none; position: static;\"><b>Producent urz\u0105dzenia:<\/b> NAC<\/li>\n<li style=\"margin: 5px 0; padding: 2px 0; clear: both; display: list-item; float: none; position: static;\"><b>Pojemno\u015b\u0107 silnika:&nbsp;<\/b>26 cm3<\/li>\n<li style=\"margin: 5px 0; padding: 2px 0; clear: both; display: list-item; float: none; position: static;\"><b>Moc maksymalna silnika:&nbsp;<\/b>1 KM<\/li>\n<li style=\"margin: 5px 0; padding: 2px 0; clear: both; display: list-item; float: none; position: static;\"><b>Pojemno\u015b\u0107 zbiornika paliwa:&nbsp;<\/b>0,5 l<\/li>\n<li style=\"margin: 5px 0; padding: 2px 0; clear: both; display: list-item; float: none; position: static;\"><b>Maksymalna pr\u0119dko\u015b\u0107 silnika bez obci\u0105\u017cenia:&nbsp;<\/b>7500 obr\/min<\/li>\n<\/ul>\n<h3 style=\"color: #2c5aa0; font-size: 18px; margin: 30px 0 15px 0; font-weight: bold; clear: both; display: block; width: 100%; float: none; position: static;\">SYSTEM PRACY<\/h3>\n<ul style=\"margin: 15px 0; padding-left: 20px; clear: both; display: block; width: 100%; float: none; position: static;\">\n<li style=\"margin: 5px 0; padding: 2px 0; clear: both; display: list-item; float: none; position: static;\"><b>Moc maksymalna silnika:&nbsp;<\/b>1 KM<\/li>\n<li style=\"margin: 5px 0; padding: 2px 0; clear: both; display: list-item; float: none; position: static;\"><b>Mac znamionowa maszyny: <\/b>0.7 KW<\/li>\n<li style=\"margin: 5px 0; padding: 2px 0; clear: both; display: list-item; float: none; position: static;\"><b>Pr\u0119dko\u015b\u0107 powietrza: <\/b>225 km\/h<\/li>\n<li style=\"margin: 5px 0; padding: 2px 0; clear: both; display: list-item; float: none; position: static;\"><b>Rozdrabniacz:&nbsp;<\/b>metalowy<\/li>\n<li style=\"margin: 5px 0; padding: 2px 0; clear: both; display: list-item; float: none; position: static;\"><b>Mechanizm rozdrabniaj\u0105cy: <\/b>metalowy n\u00f3\u017c 3 z\u0119bny<\/li>\n<li style=\"margin: 5px 0; padding: 2px 0; clear: both; display: list-item; float: none; position: static;\"><b>Pasek naramienny: <\/b>tak<\/li>\n<li style=\"margin: 5px 0; padding: 2px 0; clear: both; display: list-item; float: none; position: static;\"><b>Funkcja rozdrabniania:<\/b> tak<\/li>\n<li style=\"margin: 5px 0; padding: 2px 0; clear: both; display: list-item; float: none; position: static;\"><b>Pojemno\u015b\u0107 worka: <\/b>45 litr\u00f3w<\/li>\n<\/ul>\n<h1>Funkcje urz\u0105dzenia &#8211; odkurzacz lub dmuchawa<\/h1>\n<h3 style=\"color: #2c5aa0; font-size: 18px; margin: 30px 0 15px 0; font-weight: bold; clear: both; display: block; width: 100%; float: none; position: static;\">WYPOSA\u017bENIE<\/h3>\n<ul style=\"margin: 15px 0; padding-left: 20px; clear: both; display: block; width: 100%; float: none; position: static;\">\n<li style=\"margin: 5px 0; padding: 2px 0; clear: both; display: list-item; float: none; position: static;\">Rodzaj obudowy: <b>tworzywo sztuczne<\/b><\/li>\n<li style=\"margin: 5px 0; padding: 2px 0; clear: both; display: list-item; float: none; position: static;\">Silnik odkurzacza do li\u015bci<\/li>\n<li style=\"margin: 5px 0; padding: 2px 0; clear: both; display: list-item; float: none; position: static;\">Dwucz\u0119\u015bciowa rura ss\u0105ca i dmuchaj\u0105ca,<\/li>\n<li style=\"margin: 5px 0; padding: 2px 0; clear: both; display: list-item; float: none; position: static;\">Worek na li\u015bcie z pasem podtrzymuj\u0105cym<\/li>\n<\/ul>\n<h3 style=\"color: #2c5aa0; font-size: 18px; margin: 30px 0 15px 0; font-weight: bold; clear: both; display: block; width: 100%; float: none; position: static;\">WYMIARY CA\u0141KOWITE<\/h3>\n<ul style=\"margin: 15px 0; padding-left: 20px; clear: both; display: block; width: 100%; float: none; position: static;\">\n<li style=\"margin: 5px 0; padding: 2px 0; clear: both; display: list-item; float: none; position: static;\"><b>Waga:&nbsp;<\/b>4,8 kg (dmuchawa) \/ 7,8kg (odkurzacz)<\/li>\n<\/ul>\n<\/div>\n<\/div>\n<\/div>\n<div style=\"clear: both; display: block; margin: 10px 0;\">\n<div style=\"clear: both; display: block; margin: 10px 0;\">\n<div style=\"clear: both; display: block; margin: 10px 0;\">\n<h3 style=\"color: #2c5aa0; font-size: 18px; margin: 30px 0 15px 0; font-weight: bold; clear: both; display: block; width: 100%; float: none; position: static;\">Wielofunkcyjne urz\u0105dzenie NAC model BVP260-1-Y wyposa\u017cone jest:<\/h3>\n<ul style=\"margin: 15px 0; padding-left: 20px; clear: both; display: block; width: 100%; float: none; position: static;\">\n<li style=\"margin: 5px 0; padding: 2px 0; clear: both; display: list-item; float: none; position: static;\"><b>firmowy Karton NAC<\/b><\/li>\n<li style=\"margin: 5px 0; padding: 2px 0; clear: both; display: list-item; float: none; position: static;\"><b>Pas no\u015bny<\/b><\/li>\n<li style=\"margin: 5px 0; padding: 2px 0; clear: both; display: list-item; float: none; position: static;\"><b>Torba pr\u00f3\u017cniowa na li\u015bcie 45L<\/b><\/li>\n<li style=\"margin: 5px 0; padding: 2px 0; clear: both; display: list-item; float: none; position: static;\"><b>Klucz do \u015bwiecy<\/b><\/li>\n<li style=\"margin: 5px 0; padding: 2px 0; clear: both; display: list-item; float: none; position: static;\">W\u0142\u0105cznik\/wy\u0142\u0105cznik ON\/OFF<\/li>\n<li style=\"margin: 5px 0; padding: 2px 0; clear: both; display: list-item; float: none; position: static;\">Pompka ssania<\/li>\n<li style=\"margin: 5px 0; padding: 2px 0; clear: both; display: list-item; float: none; position: static;\">D\u017awignia ssania<\/li>\n<li style=\"margin: 5px 0; padding: 2px 0; clear: both; display: list-item; float: none; position: static;\">Korek wlewu paliwa<\/li>\n<li style=\"margin: 5px 0; padding: 2px 0; clear: both; display: list-item; float: none; position: static;\">Uchwyt linki rozrusznika<\/li>\n<li style=\"margin: 5px 0; padding: 2px 0; clear: both; display: list-item; float: none; position: static;\">\u015awieca zap\u0142onowa<\/li>\n<li style=\"margin: 5px 0; padding: 2px 0; clear: both; display: list-item; float: none; position: static;\">T\u0142umik<\/li>\n<li style=\"margin: 5px 0; padding: 2px 0; clear: both; display: list-item; float: none; position: static;\">Pokrywa filtra powietrza<\/li>\n<li style=\"margin: 5px 0; padding: 2px 0; clear: both; display: list-item; float: none; position: static;\">R\u0119koje\u015b\u0107 g\u00f3rna oraz dolna<\/li>\n<li style=\"margin: 5px 0; padding: 2px 0; clear: both; display: list-item; float: none; position: static;\"><b>Dwucz\u0119\u015bciowa rura dmuchaj\u0105ca<\/b><\/li>\n<li style=\"margin: 5px 0; padding: 2px 0; clear: both; display: list-item; float: none; position: static;\"><b>Dwucz\u0119\u015bciowa rura ss\u0105ca<\/b><\/li>\n<li style=\"margin: 5px 0; padding: 2px 0; clear: both; display: list-item; float: none; position: static;\">Rura wyrzutowa<\/li>\n<li style=\"margin: 5px 0; padding: 2px 0; clear: both; display: list-item; float: none; position: static;\">Akcesoria monta\u017cowe<\/li>\n<\/ul>\n<h3 style=\"color: #2c5aa0; font-size: 18px; margin: 30px 0 15px 0; font-weight: bold; clear: both; display: block; width: 100%; float: none; position: static;\">GWARANCJ\u0118 JAKO\u015aCI &#8211; Z NAMI MASZ PEWNO\u015a\u0106, \u017bE KUPUJESZ ORYGINA\u0141!<\/h3>\n<ul style=\"margin: 15px 0; padding-left: 20px; clear: both; display: block; width: 100%; float: none; position: static;\">\n<li style=\"margin: 5px 0; padding: 2px 0; clear: both; display: list-item; float: none; position: static;\">kart\u0119 gwarancyjn\u0105 <b>NAC<\/b><\/li>\n<li style=\"margin: 5px 0; padding: 2px 0; clear: both; display: list-item; float: none; position: static;\"><b>deklaracja zgodno\u015bci WE.<\/b><\/li>\n<li style=\"margin: 5px 0; padding: 2px 0; clear: both; display: list-item; float: none; position: static;\">instrukcj\u0119 obs\u0142ugi w j\u0119zyku Polski<\/li>\n<\/ul>\n<\/div>\n<\/div>\n<div style=\"clear: both; display: block; margin: 10px 0;\">\n<div style=\"clear: both; display: block; margin: 10px 0;\">\n<div  style=\"max-width:1166px;max-height:900px\">\n<div style=\"clear: both; display: block; margin: 10px 0;\">\n<div style=\"clear: both; width: 100%; display: block; margin: 20px 0; padding: 0; float: none; position: static; text-align: center;\"><img decoding=\"async\"  src=\"https:\/\/a.allegroimg.com\/original\/1121b2\/2835f63242c9a943445a97e2f242\/NAC-DMUCHAWA-SPALINOWA-ODKURZACZ-do-LISCI-Z-ROZDRABNIACZEM-3w1-EAN-GTIN-5907510481686\" srcset=\"https:\/\/a.allegroimg.com\/original\/1121b2\/2835f63242c9a943445a97e2f242\/NAC-DMUCHAWA-SPALINOWA-ODKURZACZ-do-LISCI-Z-ROZDRABNIACZEM-3w1-EAN-GTIN-5907510481686 360w,https:\/\/a.allegroimg.com\/original\/1121b2\/2835f63242c9a943445a97e2f242\/NAC-DMUCHAWA-SPALINOWA-ODKURZACZ-do-LISCI-Z-ROZDRABNIACZEM-3w1-EAN-GTIN-5907510481686 720w,https:\/\/a.allegroimg.com\/original\/1121b2\/2835f63242c9a943445a97e2f242\/NAC-DMUCHAWA-SPALINOWA-ODKURZACZ-do-LISCI-Z-ROZDRABNIACZEM-3w1-EAN-GTIN-5907510481686 1024w,https:\/\/a.allegroimg.com\/original\/1121b2\/2835f63242c9a943445a97e2f242\/NAC-DMUCHAWA-SPALINOWA-ODKURZACZ-do-LISCI-Z-ROZDRABNIACZEM-3w1-EAN-GTIN-5907510481686 1166w,https:\/\/a.allegroimg.com\/original\/1121b2\/2835f63242c9a943445a97e2f242\/NAC-DMUCHAWA-SPALINOWA-ODKURZACZ-do-LISCI-Z-ROZDRABNIACZEM-3w1-EAN-GTIN-5907510481686 1166w\" sizes=\"(min-width: 1200px) 560px, (min-width: 992px) 50vw, 100vw\" width=\"1166px\" alt=\"NAC DMUCHAWA SPALINOWA ODKURZACZ do LI\u015aCI Z ROZDRABNIACZEM 3w1 EAN (GTIN) 5907510481686\" style=\"max-width: 100%; height: auto; display: block; margin: 0 auto;\"><\/div>\n<\/div>\n<\/div>\n<\/div>\n<\/div>\n<\/div>\n<div style=\"clear: both; display: block; margin: 10px 0;\">\n<div style=\"clear: both; display: block; margin: 10px 0;\">\n<div style=\"clear: both; display: block; margin: 10px 0;\">\n<h3 style=\"color: #2c5aa0; font-size: 18px; margin: 30px 0 15px 0; font-weight: bold; clear: both; display: block; width: 100%; float: none; position: static;\">Dlaczego klienci wybieraj\u0105 odkurzacz NAC BVP260-1-Y?<\/h3>\n<p style=\"margin: 15px 0; line-height: 1.8; clear: both; display: block; width: 100%; float: none; position: static;\"><b>Funkcja rozdrabniania &#8211; <\/b>metalowe no\u017ce rozdrabniaj\u0105ce tn\u0105 materia\u0142 ro\u015blinny, zwi\u0119kszaj\u0105c wydajno\u015b\u0107 kosza, zmniejszaj\u0105c obj\u0119to\u015bci li\u015bci o 90%<\/p>\n<p style=\"margin: 15px 0; line-height: 1.8; clear: both; display: block; width: 100%; float: none; position: static;\"><b>Ma\u0142a waga &#8211;<\/b> Ca\u0142e urz\u0105dzenie wa\u017cy 4.8 kilogram\u00f3w (funkcja dmuchawy), dzi\u0119ki czemu jest bardzo por\u0119czne<\/p>\n<p style=\"margin: 15px 0; line-height: 1.8; clear: both; display: block; width: 100%; float: none; position: static;\"><b>Ergonomicznie umieszczony uchwyt<\/b> &#8211; gwarantuje r\u00f3wnomierny rozk\u0142ad wagi<\/p>\n<h3 style=\"color: #2c5aa0; font-size: 18px; margin: 30px 0 15px 0; font-weight: bold; clear: both; display: block; width: 100%; float: none; position: static;\">Szybka mo\u017cliwo\u015b\u0107 prze\u0142\u0105czenia na dmuchaw\u0119<\/h3>\n<p style=\"margin: 15px 0; line-height: 1.8; clear: both; display: block; width: 100%; float: none; position: static;\">\u0141atwo opr\u00f3\u017cnialny worek zapinany na zamek<\/p>\n<\/div>\n<\/div>\n<div style=\"clear: both; display: block; margin: 10px 0;\">\n<div style=\"clear: both; display: block; margin: 10px 0;\">\n<div  style=\"max-width:1500px;max-height:1072px\">\n<div style=\"clear: both; display: block; margin: 10px 0;\">\n<div style=\"clear: both; width: 100%; display: block; margin: 20px 0; padding: 0; float: none; position: static; text-align: center;\"><img decoding=\"async\"  src=\"https:\/\/a.allegroimg.com\/original\/11bc83\/f0e2a97b497cbd13b3ba48f877f8\/NAC-DMUCHAWA-SPALINOWA-ODKURZACZ-do-LISCI-Z-ROZDRABNIACZEM-3w1-Moc-0-W\" srcset=\"https:\/\/a.allegroimg.com\/original\/11bc83\/f0e2a97b497cbd13b3ba48f877f8\/NAC-DMUCHAWA-SPALINOWA-ODKURZACZ-do-LISCI-Z-ROZDRABNIACZEM-3w1-Moc-0-W 360w,https:\/\/a.allegroimg.com\/original\/11bc83\/f0e2a97b497cbd13b3ba48f877f8\/NAC-DMUCHAWA-SPALINOWA-ODKURZACZ-do-LISCI-Z-ROZDRABNIACZEM-3w1-Moc-0-W 720w,https:\/\/a.allegroimg.com\/original\/11bc83\/f0e2a97b497cbd13b3ba48f877f8\/NAC-DMUCHAWA-SPALINOWA-ODKURZACZ-do-LISCI-Z-ROZDRABNIACZEM-3w1-Moc-0-W 1024w,https:\/\/a.allegroimg.com\/original\/11bc83\/f0e2a97b497cbd13b3ba48f877f8\/NAC-DMUCHAWA-SPALINOWA-ODKURZACZ-do-LISCI-Z-ROZDRABNIACZEM-3w1-Moc-0-W 1440w,https:\/\/a.allegroimg.com\/original\/11bc83\/f0e2a97b497cbd13b3ba48f877f8\/NAC-DMUCHAWA-SPALINOWA-ODKURZACZ-do-LISCI-Z-ROZDRABNIACZEM-3w1-Moc-0-W 1500w\" sizes=\"(min-width: 1200px) 560px, (min-width: 992px) 50vw, 100vw\" width=\"1500px\" alt=\"NAC DMUCHAWA SPALINOWA ODKURZACZ do LI\u015aCI Z ROZDRABNIACZEM 3w1 Moc 0 W\" style=\"max-width: 100%; height: auto; display: block; margin: 0 auto;\"><\/div>\n<\/div>\n<\/div>\n<\/div>\n<\/div>\n<\/div>\n<\/div>\n<\/div>\n<\/div>\n<div style=\"clear: both; display: block; margin: 10px 0;\">\n","protected":false},"excerpt":{"rendered":"<p>NAC BVP260-1-Y<\/p>\n<p>kolor odkurzacza CZARNY&#8230;&#8230;&#8230;&#8230;&#8230;&#8230;&#8230;&#8230;&#8230;<\/p>\n<p>PROFESJONALNY Odkurzacz \/ dmuchawa \/ rozdrabniacz spalinowy do li\u015bci NAC<\/p>\n<p>Funkcja rozdrabniania li\u015bci + worek o pojemno\u015bci 45L z zamkni\u0119ciem na suwak.<\/p>\n<p>Jedno urz\u0105dzenie &#8211; 3 funkcje!<\/p>\n<p>-&gt;ODKURZACZ,<\/p>\n<p>-&gt;DMUCHAWA<\/p>\n<p>-&gt;ROZDRABNIACZ.<\/p>\n","protected":false},"featured_media":15832,"template":"","meta":{"_uag_custom_page_level_css":""},"product_brand":[869],"product_cat":[866,927,541],"product_tag":[],"class_list":{"0":"post-15831","1":"product","2":"type-product","3":"status-publish","4":"has-post-thumbnail","6":"product_brand-nac","7":"product_cat-narzedzia-ogrodnicze","8":"product_cat-odkurzacze-i-dmuchawy","9":"product_cat-ogrod","11":"first","12":"instock","13":"sale","14":"shipping-taxable","15":"purchasable","16":"product-type-simple"},"uagb_featured_image_src":{"full":["https:\/\/zelmuko.shop\/grill\/wp-content\/uploads\/2026\/04\/allegro-image-15831.jpg",1021,713,false],"thumbnail":["https:\/\/zelmuko.shop\/grill\/wp-content\/uploads\/2026\/04\/allegro-image-15831-150x150.jpg",150,150,true],"medium":["https:\/\/zelmuko.shop\/grill\/wp-content\/uploads\/2026\/04\/allegro-image-15831-300x210.jpg",300,210,true],"medium_large":["https:\/\/zelmuko.shop\/grill\/wp-content\/uploads\/2026\/04\/allegro-image-15831-768x536.jpg",768,536,true],"large":["https:\/\/zelmuko.shop\/grill\/wp-content\/uploads\/2026\/04\/allegro-image-15831.jpg",1021,713,false],"1536x1536":["https:\/\/zelmuko.shop\/grill\/wp-content\/uploads\/2026\/04\/allegro-image-15831.jpg",1021,713,false],"2048x2048":["https:\/\/zelmuko.shop\/grill\/wp-content\/uploads\/2026\/04\/allegro-image-15831.jpg",1021,713,false],"woocommerce_thumbnail":["https:\/\/zelmuko.shop\/grill\/wp-content\/uploads\/2026\/04\/allegro-image-15831-300x300.jpg",300,300,true],"woocommerce_single":["https:\/\/zelmuko.shop\/grill\/wp-content\/uploads\/2026\/04\/allegro-image-15831-600x419.jpg",600,419,true],"woocommerce_gallery_thumbnail":["https:\/\/zelmuko.shop\/grill\/wp-content\/uploads\/2026\/04\/allegro-image-15831-100x100.jpg",100,100,true]},"uagb_author_info":{"display_name":"admin","author_link":"https:\/\/zelmuko.shop\/grill\/author\/"},"uagb_comment_info":0,"uagb_excerpt":"NAC BVP260-1-Y kolor odkurzacza CZARNY........................... PROFESJONALNY Odkurzacz \/ dmuchawa \/ rozdrabniacz spalinowy do li\u015bci NAC Funkcja rozdrabniania li\u015bci + worek o pojemno\u015bci 45L z zamkni\u0119ciem na suwak. Jedno urz\u0105dzenie - 3 funkcje! -&gt;ODKURZACZ, -&gt;DMUCHAWA -&gt;ROZDRABNIACZ.","_links":{"self":[{"href":"https:\/\/zelmuko.shop\/grill\/wp-json\/wp\/v2\/product\/15831","targetHints":{"allow":["GET"]}}],"collection":[{"href":"https:\/\/zelmuko.shop\/grill\/wp-json\/wp\/v2\/product"}],"about":[{"href":"https:\/\/zelmuko.shop\/grill\/wp-json\/wp\/v2\/types\/product"}],"wp:featuredmedia":[{"embeddable":true,"href":"https:\/\/zelmuko.shop\/grill\/wp-json\/wp\/v2\/media\/15832"}],"wp:attachment":[{"href":"https:\/\/zelmuko.shop\/grill\/wp-json\/wp\/v2\/media?parent=15831"}],"wp:term":[{"taxonomy":"product_brand","embeddable":true,"href":"https:\/\/zelmuko.shop\/grill\/wp-json\/wp\/v2\/product_brand?post=15831"},{"taxonomy":"product_cat","embeddable":true,"href":"https:\/\/zelmuko.shop\/grill\/wp-json\/wp\/v2\/product_cat?post=15831"},{"taxonomy":"product_tag","embeddable":true,"href":"https:\/\/zelmuko.shop\/grill\/wp-json\/wp\/v2\/product_tag?post=15831"}],"curies":[{"name":"wp","href":"https:\/\/api.w.org\/{rel}","templated":true}]}}